{"id":36,"date":"2021-02-14T22:04:52","date_gmt":"2021-02-14T22:04:52","guid":{"rendered":"https:\/\/loiso.ar\/?page_id=36"},"modified":"2021-02-23T10:17:37","modified_gmt":"2021-02-23T10:17:37","slug":"colibri-wp","status":"publish","type":"page","link":"https:\/\/loiso.ar\/","title":{"rendered":"Front Page"},"content":{"rendered":"<div data-colibri-id=\"36-c1\" class=\"style-193 style-local-36-c1 position-relative\">\n  <!---->\n  <div data-colibri-component=\"section\" data-colibri-id=\"36-c2\" id=\"overlappable-3\" class=\"h-section h-section-global-spacing d-flex align-items-lg-center align-items-md-center align-items-center style-211 style-local-36-c2 position-relative\">\n    <!---->\n    <!---->\n    <div class=\"h-section-grid-container h-section-boxed-container\">\n      <!---->\n      <div data-colibri-id=\"36-c3\" class=\"h-row-container gutters-row-lg-0 gutters-row-md-0 gutters-row-2 gutters-row-v-lg-0 gutters-row-v-md-0 gutters-row-v-2 style-212 style-local-36-c3 position-relative\">\n        <!---->\n        <div class=\"h-row justify-content-lg-center justify-content-md-center justify-content-center align-items-lg-stretch align-items-md-stretch align-items-stretch gutters-col-lg-0 gutters-col-md-0 gutters-col-2 gutters-col-v-lg-0 gutters-col-v-md-0 gutters-col-v-2\">\n          <!---->\n          <div class=\"h-column h-column-container d-flex h-col-lg-4 h-col-md-4 h-col-12 style-213-outer style-local-36-c4-outer\">\n            <div data-colibri-id=\"36-c4\" class=\"d-flex h-flex-basis h-column__inner h-px-lg-3 h-px-md-3 h-px-2 v-inner-lg-3 v-inner-md-3 v-inner-2 style-213 style-local-36-c4 position-relative\">\n              <!---->\n              <!---->\n              <div class=\"w-100 h-y-container h-column__content h-column__v-align flex-basis-100 align-self-lg-center align-self-md-center align-self-center\">\n                <!---->\n                <div data-colibri-id=\"36-c5\" class=\"h-icon style-214 style-local-36-c5 position-relative h-element\">\n                  <!----><span class=\"h-svg-icon h-icon__icon style-214-icon style-local-36-c5-icon\"><!--Icon by Font Awesome (https:\/\/fontawesome.com)--><svg version=\"1.1\" xmlns=\"http:\/\/www.w3.org\/2000\/svg\" xmlns:xlink=\"http:\/\/www.w3.org\/1999\/xlink\" id=\"laptop\" viewBox=\"0 0 1920 1896.0833\"><path d=\"M416 1280q-66 0-113-47t-47-113V416q0-66 47-113t113-47h1088q66 0 113 47t47 113v704q0 66-47 113t-113 47H416zm-32-864v704q0 13 9.5 22.5t22.5 9.5h1088q13 0 22.5-9.5t9.5-22.5V416q0-13-9.5-22.5T1504 384H416q-13 0-22.5 9.5T384 416zm1376 928h160v96q0 40-47 68t-113 28H160q-66 0-113-28t-47-68v-96h1760zm-720 96q16 0 16-16t-16-16H880q-16 0-16 16t16 16h160z\"><\/path><\/svg><\/span><\/div>\n                <div\n                  data-colibri-id=\"36-c6\" class=\"h-global-transition-all h-heading style-215 style-local-36-c6 position-relative h-element\">\n                  <!---->\n                  <div class=\"h-heading__outer style-215 style-local-36-c6\">\n                    <!---->\n                    <!---->\n                    <h5 class=\"\">ProfesionaL IT<\/h5>\n                  <\/div>\n              <\/div>\n              <div data-colibri-id=\"36-c7\" class=\"h-text h-text-component style-456 style-local-36-c7 position-relative h-element\">\n                <!---->\n                <!---->\n                <div class=\"\">\n                  <p><span style=\"font-weight: 400; font-size: 16px; font-family: &quot;Open Sans&quot;; color: rgb(70, 112, 127);\">Profesional en constante perfeccionamiento, sobre las ultimas tecnolog\u00edas del mercado.&nbsp;<\/span>Mas de quince a\u00f1os de experiencia,\n                    brindando soluciones de tecnolog\u00eda a medida, para cada cliente.&nbsp;<\/p>\n                <\/div>\n              <\/div>\n            <\/div>\n          <\/div>\n        <\/div>\n        <div class=\"h-column h-column-container d-flex h-col-lg-4 h-col-md-4 h-col-12 style-213-outer style-local-36-c8-outer\">\n          <div data-colibri-id=\"36-c8\" class=\"d-flex h-flex-basis h-column__inner h-px-lg-3 h-px-md-3 h-px-2 v-inner-lg-3 v-inner-md-3 v-inner-2 style-213 style-local-36-c8 position-relative\">\n            <!---->\n            <!---->\n            <div class=\"w-100 h-y-container h-column__content h-column__v-align flex-basis-100 align-self-lg-center align-self-md-center align-self-center\">\n              <!---->\n              <div data-colibri-id=\"36-c9\" class=\"h-icon style-214 style-local-36-c9 position-relative h-element\">\n                <!----><span class=\"h-svg-icon h-icon__icon style-214-icon style-local-36-c9-icon\"><!--Icon by Font Awesome (https:\/\/fontawesome.com)--><svg version=\"1.1\" xmlns=\"http:\/\/www.w3.org\/2000\/svg\" xmlns:xlink=\"http:\/\/www.w3.org\/1999\/xlink\" id=\"signal\" viewBox=\"0 0 1792 1896.0833\"><path d=\"M256 1440v192q0 14-9 23t-23 9H32q-14 0-23-9t-9-23v-192q0-14 9-23t23-9h192q14 0 23 9t9 23zm384-128v320q0 14-9 23t-23 9H416q-14 0-23-9t-9-23v-320q0-14 9-23t23-9h192q14 0 23 9t9 23zm384-256v576q0 14-9 23t-23 9H800q-14 0-23-9t-9-23v-576q0-14 9-23t23-9h192q14 0 23 9t9 23zm384-384v960q0 14-9 23t-23 9h-192q-14 0-23-9t-9-23V672q0-14 9-23t23-9h192q14 0 23 9t9 23zm384-512v1472q0 14-9 23t-23 9h-192q-14 0-23-9t-9-23V160q0-14 9-23t23-9h192q14 0 23 9t9 23z\"><\/path><\/svg><\/span><\/div>\n              <div\n                data-colibri-id=\"36-c10\" class=\"h-global-transition-all h-heading style-215 style-local-36-c10 position-relative h-element\">\n                <!---->\n                <div class=\"h-heading__outer style-215 style-local-36-c10\">\n                  <!---->\n                  <!---->\n                  <h5 class=\"\">Analista de MarketiNG<\/h5>\n                <\/div>\n            <\/div>\n            <div data-colibri-id=\"36-c11\" class=\"h-text h-text-component style-216 style-local-36-c11 position-relative h-element\">\n              <!---->\n              <!---->\n              <div class=\"\">\n                <p>El correcto an\u00e1lisis de los datos, es la mejor inversi\u00f3n para llevar exitosamente un plan de Marketing. La premisa mas importante: La t<span style=\"color: rgb(70, 112, 127); font-family: &quot;Open Sans&quot;; font-size: 16px; font-weight: 400;\">oma de decisiones debe basarse en informaci\u00f3n confiable.&nbsp;<\/span><\/p>\n              <\/div>\n            <\/div>\n          <\/div>\n        <\/div>\n      <\/div>\n      <div class=\"h-column h-column-container d-flex h-col-lg-4 h-col-md-4 h-col-12 style-213-outer style-local-36-c12-outer\">\n        <div data-colibri-id=\"36-c12\" class=\"d-flex h-flex-basis h-column__inner h-px-lg-3 h-px-md-3 h-px-2 v-inner-lg-3 v-inner-md-3 v-inner-2 style-213 style-local-36-c12 position-relative\">\n          <!---->\n          <!---->\n          <div class=\"w-100 h-y-container h-column__content h-column__v-align flex-basis-100 align-self-lg-center align-self-md-center align-self-center\">\n            <!---->\n            <div data-colibri-id=\"36-c13\" class=\"h-icon style-214 style-local-36-c13 position-relative h-element\">\n              <!----><span class=\"h-svg-icon h-icon__icon style-214-icon style-local-36-c13-icon\"><!--Icon by Icons8 Line Awesome (https:\/\/icons8.com\/line-awesome)--><svg version=\"1.1\" xmlns=\"http:\/\/www.w3.org\/2000\/svg\" xmlns:xlink=\"http:\/\/www.w3.org\/1999\/xlink\" id=\"cubes\" viewBox=\"0 0 512 545.5\"><path d=\"M256 96l6 2.5 96 38.5 10 4v107.5l86.5 37.5 9.5 4.5v129l-8 5-96 53.5-7.5 4-7.5-3.5-89-44.5-89 44.5-7.5 3.5-7.5-4-96-53.5-8-5v-129l9.5-4.5 86.5-37.5V141l10-4 96-38.5zm0 35l-52.5 20.5L256 172l52.5-20.5zm-80 44v74l64 28.5v-78zm160 0l-64 24.5v78l64-28.5v-74zM160 277l-58 25 58 29 58-28.5zm192 0l-40 17.5-18 8 58 28.5 58-29zM80 326.5V401l64 36v-78.5zm352 0l-64 32V437l64-36v-74.5zm-192 1l-64 31V438l64-32v-78.5zm32 0V406l64 32v-79.5z\"><\/path><\/svg><\/span><\/div>\n            <div\n              data-colibri-id=\"36-c14\" class=\"h-global-transition-all h-heading style-215 style-local-36-c14 position-relative h-element\">\n              <!---->\n              <div class=\"h-heading__outer style-215 style-local-36-c14\">\n                <!---->\n                <!---->\n                <h5 class=\"\">Consultor de Soluciones<\/h5>\n              <\/div>\n          <\/div>\n          <div data-colibri-id=\"36-c15\" class=\"h-text h-text-component style-216 style-local-36-c15 position-relative h-element\">\n            <!---->\n            <!---->\n            <div class=\"\">\n              <p>De perfil generalista. Aseguro que las soluciones propuestas sean precisas en el \u00e1mbito t\u00e9cnico. Un an\u00e1lisis preciso, logra la inversi\u00f3n mas adecuada,&nbsp; pensando en la vanguardia e innovaci\u00f3n constante.<\/p>\n            <\/div>\n          <\/div>\n        <\/div>\n      <\/div>\n    <\/div>\n  <\/div>\n<\/div>\n<\/div>\n<\/div>\n<\/div>","protected":false},"excerpt":{"rendered":"<p>ProfesionaL IT Profesional en constante perfeccionamiento, sobre las ultimas tecnolog\u00edas del mercado.&nbsp;Mas de quince a\u00f1os de experiencia, brindando soluciones de tecnolog\u00eda a medida, para cada cliente.&nbsp; Analista de MarketiNG El correcto an\u00e1lisis de los datos, es la mejor inversi\u00f3n para llevar exitosamente un plan de Marketing. La premisa mas importante: La toma de decisiones debe [&hellip;]<\/p>\n","protected":false},"author":1,"featured_media":0,"parent":0,"menu_order":0,"comment_status":"closed","ping_status":"closed","template":"page-templates\/homepage.php","meta":{"footnotes":""},"class_list":["post-36","page","type-page","status-publish","hentry"],"_links":{"self":[{"href":"https:\/\/loiso.ar\/index.php?rest_route=\/wp\/v2\/pages\/36","targetHints":{"allow":["GET"]}}],"collection":[{"href":"https:\/\/loiso.ar\/index.php?rest_route=\/wp\/v2\/pages"}],"about":[{"href":"https:\/\/loiso.ar\/index.php?rest_route=\/wp\/v2\/types\/page"}],"author":[{"embeddable":true,"href":"https:\/\/loiso.ar\/index.php?rest_route=\/wp\/v2\/users\/1"}],"replies":[{"embeddable":true,"href":"https:\/\/loiso.ar\/index.php?rest_route=%2Fwp%2Fv2%2Fcomments&post=36"}],"version-history":[{"count":20,"href":"https:\/\/loiso.ar\/index.php?rest_route=\/wp\/v2\/pages\/36\/revisions"}],"predecessor-version":[{"id":641,"href":"https:\/\/loiso.ar\/index.php?rest_route=\/wp\/v2\/pages\/36\/revisions\/641"}],"wp:attachment":[{"href":"https:\/\/loiso.ar\/index.php?rest_route=%2Fwp%2Fv2%2Fmedia&parent=36"}],"curies":[{"name":"wp","href":"https:\/\/api.w.org\/{rel}","templated":true}]}}